{"id":1078,"date":"2023-05-29T17:01:27","date_gmt":"2023-05-29T15:01:27","guid":{"rendered":"https:\/\/www.arcas-olle.com\/?page_id=1078"},"modified":"2026-03-25T17:09:44","modified_gmt":"2026-03-25T15:09:44","slug":"coneix-nos","status":"publish","type":"page","link":"https:\/\/www.arcasolle.com\/ca\/ilux-design\/coneix-nos\/","title":{"rendered":"Conegueu-nos"},"content":{"rendered":"<p>[et_pb_section fb_built=&#8221;1&#8243; _builder_version=&#8221;4.21.0&#8243; _module_preset=&#8221;default&#8221; background_color=&#8221;rgba(92,91,89,0.66)&#8221; background_image=&#8221;https:\/\/www.arcasolle.com\/wp-content\/uploads\/2023\/05\/conocenos_2.png&#8221; background_position=&#8221;top_right&#8221; background_blend=&#8221;multiply&#8221; min_height=&#8221;514px&#8221; custom_padding=&#8221;||||false|false&#8221; background_last_edited=&#8221;off|desktop&#8221; global_colors_info=&#8221;{}&#8221;][et_pb_row column_structure=&#8221;1_2,1_2&#8243; _builder_version=&#8221;4.19.3&#8243; _module_preset=&#8221;default&#8221; positioning=&#8221;absolute&#8221; position_origin_a=&#8221;center_center&#8221; custom_margin=&#8221;||||false|false&#8221; custom_margin_tablet=&#8221;||||false|false&#8221; custom_margin_phone=&#8221;||||false|false&#8221; custom_margin_last_edited=&#8221;on|desktop&#8221; custom_padding=&#8221;||||false|false&#8221; global_colors_info=&#8221;{}&#8221;][et_pb_column type=&#8221;1_2&#8243; _builder_version=&#8221;4.18.0&#8243; _module_preset=&#8221;default&#8221; global_colors_info=&#8221;{}&#8221;][et_pb_cta title=&#8221;Arcas Oll\u00e9, des de 1845&#8243; button_url=&#8221;@ET-DC@eyJkeW5hbWljIjp0cnVlLCJjb250ZW50IjoicG9zdF9saW5rX3VybF9wYWdlIiwic2V0dGluZ3MiOnsicG9zdF9pZCI6IjY4OSJ9fQ==@&#8221; _builder_version=&#8221;4.21.0&#8243; _dynamic_attributes=&#8221;button_url&#8221; _module_preset=&#8221;default&#8221; header_level=&#8221;h1&#8243; background_layout=&#8221;dark&#8221; global_colors_info=&#8221;{}&#8221;][\/et_pb_cta][\/et_pb_column][et_pb_column type=&#8221;1_2&#8243; _builder_version=&#8221;4.18.0&#8243; _module_preset=&#8221;default&#8221; global_colors_info=&#8221;{}&#8221;][\/et_pb_column][\/et_pb_row][\/et_pb_section][et_pb_section fb_built=&#8221;1&#8243; _builder_version=&#8221;4.19.3&#8243; _module_preset=&#8221;default&#8221; global_colors_info=&#8221;{}&#8221;][et_pb_row column_structure=&#8221;1_2,1_2&#8243; make_equal=&#8221;on&#8221; _builder_version=&#8221;4.21.0&#8243; _module_preset=&#8221;default&#8221; custom_padding=&#8221;||||false|false&#8221; custom_css_main_element=&#8221;align-items:center;&#8221; global_colors_info=&#8221;{}&#8221;][et_pb_column type=&#8221;1_2&#8243; _builder_version=&#8221;4.19.3&#8243; _module_preset=&#8221;default&#8221; global_colors_info=&#8221;{}&#8221;][et_pb_cta title=&#8221;Or\u00edgens&#8221; button_url=&#8221;#&#8221; _builder_version=&#8221;4.21.0&#8243; _module_preset=&#8221;default&#8221; global_colors_info=&#8221;{}&#8221;]ARCAS OLLE \u00e9s una empresa familiar dedicada a la fabricaci\u00f3 de caixes fortes des de 1845. D&#8217;aquest any consten els or\u00edgens documentats d&#8217;ARCAS OLLE, on en un petit taller es fabriquen, de forma artesanal, els primers panys de clau. En l&#8217;actualitat est\u00e0 al capdavant de l&#8217;empresa la quarta generaci\u00f3 de la fam\u00edlia, i a ells els correspon el ferm comprom\u00eds de vetllar pel prestigi de la marca ARCAS OLLE.   Com a empresa l\u00edder en el sector, tenim la necessitat d&#8217;innovar cont\u00ednuament i aplicar en els processos de fabricaci\u00f3 les \u00faltimes tecnologies.[\/et_pb_cta][\/et_pb_column][et_pb_column type=&#8221;1_2&#8243; _builder_version=&#8221;4.19.3&#8243; _module_preset=&#8221;default&#8221; global_colors_info=&#8221;{}&#8221;][et_pb_image src=&#8221;https:\/\/www.arcasolle.com\/wp-content\/uploads\/2023\/05\/foto_antiga-e1685438071309.png&#8221; title_text=&#8221;foto_antigua&#8221; _builder_version=&#8221;4.21.0&#8243; _module_preset=&#8221;default&#8221; global_colors_info=&#8221;{}&#8221;][\/et_pb_image][\/et_pb_column][\/et_pb_row][\/et_pb_section][et_pb_section fb_built=&#8221;1&#8243; _builder_version=&#8221;4.21.0&#8243; _module_preset=&#8221;default&#8221; background_image=&#8221;https:\/\/www.arcasolle.com\/wp-content\/uploads\/2023\/05\/conocenos_1.png&#8221; min_height=&#8221;30vh&#8221; custom_padding=&#8221;0px||0px||false|false&#8221; global_colors_info=&#8221;{}&#8221;][et_pb_row _builder_version=&#8221;4.21.0&#8243; _module_preset=&#8221;default&#8221; global_colors_info=&#8221;{}&#8221;][et_pb_column type=&#8221;4_4&#8243; _builder_version=&#8221;4.21.0&#8243; _module_preset=&#8221;default&#8221; global_colors_info=&#8221;{}&#8221;][\/et_pb_column][\/et_pb_row][\/et_pb_section][et_pb_section fb_built=&#8221;1&#8243; _builder_version=&#8221;4.19.3&#8243; _module_preset=&#8221;default&#8221; global_colors_info=&#8221;{}&#8221;][et_pb_row column_structure=&#8221;1_2,1_2&#8243; make_equal=&#8221;on&#8221; _builder_version=&#8221;4.21.0&#8243; _module_preset=&#8221;default&#8221; custom_padding=&#8221;||||false|false&#8221; custom_css_main_element=&#8221;align-items:center;&#8221; global_colors_info=&#8221;{}&#8221;][et_pb_column type=&#8221;1_2&#8243; _builder_version=&#8221;4.19.3&#8243; _module_preset=&#8221;default&#8221; global_colors_info=&#8221;{}&#8221;][et_pb_image src=&#8221;https:\/\/www.arcasolle.com\/wp-content\/uploads\/2023\/05\/conocenos_3.png&#8221; title_text=&#8221;conocenos_3&#8243; _builder_version=&#8221;4.21.0&#8243; _module_preset=&#8221;default&#8221; global_colors_info=&#8221;{}&#8221;][\/et_pb_image][\/et_pb_column][et_pb_column type=&#8221;1_2&#8243; _builder_version=&#8221;4.19.3&#8243; _module_preset=&#8221;default&#8221; global_colors_info=&#8221;{}&#8221;][et_pb_cta title=&#8221;La nostra passi\u00f3&#8221; button_url=&#8221;#&#8221; _builder_version=&#8221;4.21.0&#8243; _module_preset=&#8221;default&#8221; global_colors_info=&#8221;{}&#8221;]ARCAS OLLE, S. L., com a empresa pionera en el sector de la seguretat f\u00edsica, t\u00e9 el ferm comprom\u00eds de satisfer les necessitats i expectatives dels seus clients. Per aix\u00f2 sabem que \u00e9s imprescindible sotmetre&#8217;s a les normatives de qualitat m\u00e9s exigents. Les caixes fortes Ilux Design compleixen, estrictament, la normativa UNE EN-1143-1 en graus III i IV per AENOR i ECB-S.[\/et_pb_cta][\/et_pb_column][\/et_pb_row][\/et_pb_section][et_pb_section fb_built=&#8221;1&#8243; _builder_version=&#8221;4.21.0&#8243; _module_preset=&#8221;default&#8221; background_enable_color=&#8221;off&#8221; background_image=&#8221;https:\/\/www.arcasolle.com\/wp-content\/uploads\/2023\/05\/conocenos.png&#8221; min_height=&#8221;30vh&#8221; global_colors_info=&#8221;{}&#8221;][\/et_pb_section]<\/p>\n","protected":false},"excerpt":{"rendered":"<p>ARCAS OLLE \u00e9s una empresa familiar dedicada a la fabricaci\u00f3 de caixes fortes des de 1845. D&#8217;aquest any consten els or\u00edgens documentats d&#8217;ARCAS OLLE, on en un petit taller es fabriquen, de forma artesanal, els primers panys de clau. En l&#8217;actualitat est\u00e0 al capdavant de l&#8217;empresa la quarta generaci\u00f3 de la fam\u00edlia, i a ells [&hellip;]<\/p>\n","protected":false},"author":2,"featured_media":0,"parent":120,"menu_order":0,"comment_status":"closed","ping_status":"closed","template":"","meta":{"_et_pb_use_builder":"on","_et_pb_old_content":"","_et_gb_content_width":"","footnotes":""},"dipi_cpt_category":[],"class_list":["post-1078","page","type-page","status-publish","hentry"],"_links":{"self":[{"href":"https:\/\/www.arcasolle.com\/ca\/wp-json\/wp\/v2\/pages\/1078","targetHints":{"allow":["GET"]}}],"collection":[{"href":"https:\/\/www.arcasolle.com\/ca\/wp-json\/wp\/v2\/pages"}],"about":[{"href":"https:\/\/www.arcasolle.com\/ca\/wp-json\/wp\/v2\/types\/page"}],"author":[{"embeddable":true,"href":"https:\/\/www.arcasolle.com\/ca\/wp-json\/wp\/v2\/users\/2"}],"replies":[{"embeddable":true,"href":"https:\/\/www.arcasolle.com\/ca\/wp-json\/wp\/v2\/comments?post=1078"}],"version-history":[{"count":13,"href":"https:\/\/www.arcasolle.com\/ca\/wp-json\/wp\/v2\/pages\/1078\/revisions"}],"predecessor-version":[{"id":30897,"href":"https:\/\/www.arcasolle.com\/ca\/wp-json\/wp\/v2\/pages\/1078\/revisions\/30897"}],"up":[{"embeddable":true,"href":"https:\/\/www.arcasolle.com\/ca\/wp-json\/wp\/v2\/pages\/120"}],"wp:attachment":[{"href":"https:\/\/www.arcasolle.com\/ca\/wp-json\/wp\/v2\/media?parent=1078"}],"wp:term":[{"taxonomy":"dipi_cpt_category","embeddable":true,"href":"https:\/\/www.arcasolle.com\/ca\/wp-json\/wp\/v2\/dipi_cpt_category?post=1078"}],"curies":[{"name":"wp","href":"https:\/\/api.w.org\/{rel}","templated":true}]}}