{"id":2515,"date":"2023-05-30T10:20:59","date_gmt":"2023-05-30T08:20:59","guid":{"rendered":"https:\/\/www.arcas-olle.com\/?page_id=2515"},"modified":"2026-03-25T17:09:47","modified_gmt":"2026-03-25T15:09:47","slug":"avis-legal","status":"publish","type":"page","link":"https:\/\/www.arcasolle.com\/ca\/avis-legal\/","title":{"rendered":"Av\u00eds legal"},"content":{"rendered":"<p>[et_pb_section fb_built=&#8221;1&#8243; _builder_version=&#8221;4.21.0&#8243; _module_preset=&#8221;default&#8221; global_colors_info=&#8221;{}&#8221;][et_pb_row _builder_version=&#8221;4.21.0&#8243; _module_preset=&#8221;default&#8221; global_colors_info=&#8221;{}&#8221;][et_pb_column type=&#8221;4_4&#8243; _builder_version=&#8221;4.21.0&#8243; _module_preset=&#8221;default&#8221; global_colors_info=&#8221;{}&#8221;][et_pb_text _builder_version=&#8221;4.27.5&#8243; _module_preset=&#8221;default&#8221; hover_enabled=&#8221;0&#8243; global_colors_info=&#8221;{}&#8221; sticky_enabled=&#8221;0&#8243;]<\/p>\n<h1>Av\u00eds legal<\/h1>\n<h2>1. Objecte i acceptaci\u00f3<\/h2>\n<p>Aquest av\u00eds legal regula l&#8217;\u00fas del nostre lloc web, del qual \u00e9s titular ARCAS OLL\u00c9, S.L. La navegaci\u00f3 pel lloc web d&#8217;ARCAS OLL\u00c9, S.L. atribueix la condici\u00f3 d&#8217;usuari i implica l&#8217;acceptaci\u00f3 plena i sense reserves de totes i cadascuna de les disposicions incloses en aquest Av\u00eds Legal, que poden patir modificacions. Vost\u00e8 s&#8217;obliga a fer un \u00fas correcte del lloc web de conformitat amb les lleis, la bona fe, l&#8217;ordre p\u00fablic, els usos del tr\u00e0nsit i aquest Av\u00eds Legal. Vost\u00e8 respondr\u00e0 davant d&#8217;ARCAS OLL\u00c9, S.L. o davant de tercers, de qualsevol dany i perjudici que els pogu\u00e9s causar com a conseq\u00fc\u00e8ncia de l&#8217;incompliment d&#8217;aquesta obligaci\u00f3.   <\/p>\n<h2>2. Identificaci\u00f3 i comunicacions<\/h2>\n<p>ARCAS OLL\u00c9, S.L., en compliment de la Llei 34\/2002, d&#8217;11 de juliol, de serveis de la societat de la informaci\u00f3 i de comer\u00e7 electr\u00f2nic, l&#8217;informa que:<\/p>\n<ul>\n<li>La seva denominaci\u00f3 social \u00e9s: ARCAS OLL\u00c9, S.L.<\/li>\n<li>El seu CIF \u00e9s: B64402886<\/li>\n<li>El seu domicili social est\u00e0 a: ALESSANDRO VOLTA, 49, LA POBLA DE CLARAMUNT (08787)<\/li>\n<\/ul>\n<p>Per a comunicar-se amb nosaltres, posem a la seva disposici\u00f3 diferents mitjans de contacte especificats en la <a href=\"privacitathttps:\/\/www.arcasolle.com\/politica-privacidad\/\">pol\u00edtica de privacitat.<\/a><\/p>\n<p>Totes les notificacions i comunicacions que realitzi amb ARCAS OLL\u00c9, S.L. es consideraran eficaces, amb car\u00e0cter general, sempre que es realitzin pels mitjans especificats anteriorment.<\/p>\n<h2>3. Condicions d&#8217;acc\u00e9s i utilitzaci\u00f3<\/h2>\n<p>El lloc web i els seus serveis s\u00f3n d&#8217;acc\u00e9s lliure; no obstant aix\u00f2, ARCAS OLL\u00c9, S.L. condiciona la utilitzaci\u00f3 d&#8217;alguns dels serveis oferts al seu web a l&#8217;emplenament previ del formulari corresponent.<\/p>\n<p>Vost\u00e8 garanteix l&#8217;autenticitat i actualitat de totes aquelles dades que comuniqui a ARCAS OLL\u00c9, S.L. i ser\u00e0 l&#8217;\u00fanic responsable de les manifestacions falses o inexactes que realitzi.<\/p>\n<p>Vost\u00e8 es compromet expressament a fer un \u00fas adequat dels continguts i serveis d&#8217;ARCAS OLL\u00c9, S.L. i a no emprar-los per a, entre altres:<\/p>\n<ul>\n<li>Difondre continguts delictius, violents, pornogr\u00e0fics, racistes, xen\u00f2fobs, ofensius, d&#8217;apologia del terrorisme o, en general, contraris a la llei o a l&#8217;ordre p\u00fablic.<\/li>\n<li>Introduir a la xarxa virus inform\u00e0tics o executar actuacions susceptibles d&#8217;alterar, espatllar, interrompre o generar errors o danys en els documents electr\u00f2nics, dades o sistemes f\u00edsics i l\u00f2gics d&#8217;ARCAS OLL\u00c9, S.L. o de terceres persones; aix\u00ed com obstaculitzar l&#8217;acc\u00e9s d&#8217;altres usuaris al lloc web i als seus serveis mitjan\u00e7ant el consum massiu dels recursos inform\u00e0tics a trav\u00e9s dels quals ARCAS OLL\u00c9, S.L. presta els seus serveis.<\/li>\n<li>Intentar accedir a dades d&#8217;altres persones o a \u00e0rees restringides dels sistemes inform\u00e0tics d&#8217;ARCAS OLL\u00c9, S.L. o de tercers i, si escau, extreure informaci\u00f3.<\/li>\n<li>Vulnerar els drets de propietat intel\u00b7lectual o industrial, aix\u00ed com violar la confidencialitat de la informaci\u00f3 d&#8217;ARCAS OLL\u00c9, S.L. o de tercers.<br \/>Suplantar la identitat d&#8217;un altre usuari, de les administracions p\u00fabliques o d&#8217;un tercer.<\/li>\n<li>Reproduir, copiar, distribuir, posar a disposici\u00f3 o de qualsevol altra forma comunicar p\u00fablicament, transformar o modificar els continguts, tret que es compti amb l&#8217;autoritzaci\u00f3 del titular dels drets corresponents o aix\u00f2 resulti legalment perm\u00e8s.<\/li>\n<li>Recaptar dades amb finalitat publicit\u00e0ria i de remetre publicitat de qualsevol classe i comunicacions amb finalitats de venda o altres de naturalesa comercial sense que intervingui la seva pr\u00e8via sol\u00b7licitud o consentiment.<\/li>\n<\/ul>\n<p>Tots els continguts del lloc web, com ara textos, fotografies, gr\u00e0fics, imatges, icones, tecnologia, programari, aix\u00ed com el seu disseny gr\u00e0fic i codis font, constitueixen una obra la propietat de la qual pertany a ARCAS OLL\u00c9, S.L., sense que puguin entendre&#8217;s com cedits cap dels drets d&#8217;explotaci\u00f3 sobre els mateixos m\u00e9s enll\u00e0 de l&#8217;estrictament necessari per al correcte \u00fas del web.<\/p>\n<p>En definitiva, vost\u00e8 que accedeix a aquest lloc web, pot visualitzar els continguts i efectuar, si escau, c\u00f2pies privades autoritzades sempre que els elements reprodu\u00efts no siguin cedits posteriorment a tercers, ni s&#8217;instal\u00b7lin a servidors connectats a xarxes, ni siguin objecte de cap mena d&#8217;explotaci\u00f3.<\/p>\n<p>Aix\u00ed mateix, totes les marques, noms comercials o signes distintius de qualsevol classe que apareixen al lloc web s\u00f3n propietat d&#8217;ARCAS OLL\u00c9, S.L., sense que pugui entendre&#8217;s que l&#8217;\u00fas o acc\u00e9s al mateix li atribueixi cap dret sobre aquests.<\/p>\n<p>La distribuci\u00f3, modificaci\u00f3, cessi\u00f3 o comunicaci\u00f3 p\u00fablica dels continguts i qualsevol altre acte que no hagi estat expressament autoritzat pel titular dels drets d&#8217;explotaci\u00f3 queden prohibits.<\/p>\n<p>L&#8217;establiment d&#8217;un enlla\u00e7 no implica en cap cas l&#8217;exist\u00e8ncia de relacions entre ARCAS OLL\u00c9, S.L. i el propietari del lloc web en la qual s&#8217;estableixi, ni l&#8217;acceptaci\u00f3 i aprovaci\u00f3 per part d&#8217;ARCAS OLL\u00c9, S.L. dels seus continguts o serveis. Aquelles persones que es proposin establir un enlla\u00e7 pr\u00e8viament hauran de sol\u00b7licitar autoritzaci\u00f3 per escrit a ARCAS OLL\u00c9, S.L. En tot cas, l&#8217;enlla\u00e7 \u00fanicament permetr\u00e0 l&#8217;acc\u00e9s a la p\u00e0gina d&#8217;inici del nostre lloc web, aix\u00ed mateix haur\u00e0 d&#8217;abstenir-se de realitzar manifestacions o indicacions falses, inexactes o incorrectes sobre ARCAS OLL\u00c9, S.L., o incloure continguts il\u00b7l\u00edcits, contraris als bons costums i a l&#8217;ordre p\u00fablic.  <\/p>\n<p>ARCAS OLL\u00c9, S.L. no es responsabilitza de l&#8217;\u00fas que cada usuari faci dels materials posats a disposici\u00f3 en aquest lloc web ni de les actuacions que realitzi sobre la base d&#8217;aquests.<\/p>\n<h2>4. Exclusi\u00f3 de garanties i de responsabilitat<\/h2>\n<p>ARCAS OLL\u00c9, S.L. exclou, fins on permet l&#8217;ordenament jur\u00eddic, qualsevol responsabilitat pels danys i perjudicis de tota naturalesa derivats de:<\/p>\n<ul>\n<li>La impossibilitat d&#8217;acc\u00e9s al lloc web o la manca de veracitat, exactitud, exhaustivitat i\/o actualitat dels continguts, aix\u00ed com l&#8217;exist\u00e8ncia de vicis i defectes de tota classe dels continguts transmesos, difosos, emmagatzemats, posats a disposici\u00f3 als quals s&#8217;hagi accedit a trav\u00e9s del lloc web o dels serveis que s&#8217;ofereixen.<\/li>\n<li>La pres\u00e8ncia de virus o d&#8217;altres elements en els continguts que puguin produir alteracions en els sistemes inform\u00e0tics, documents electr\u00f2nics o dades dels usuaris.<\/li>\n<li>L&#8217;incompliment de les lleis, la bona fe, l&#8217;ordre p\u00fablic, els usos del tr\u00e0nsit i aquest av\u00eds legal a conseq\u00fc\u00e8ncia de l&#8217;\u00fas incorrecte del lloc web. En particular, i a manera d&#8217;exemplificaci\u00f3, ARCAS OLL\u00c9, S.L. no es fa responsable de les actuacions de tercers que vulnerin drets de propietat intel\u00b7lectual i industrial, secrets empresarials, drets a l&#8217;honor, a la intimitat personal i familiar i a la pr\u00f2pia imatge, aix\u00ed com la normativa en mat\u00e8ria de compet\u00e8ncia deslleial i publicitat il\u00b7l\u00edcita. <\/li>\n<\/ul>\n<p>Aix\u00ed mateix, ARCAS OLL\u00c9, S.L. declina qualsevol responsabilitat respecte a la informaci\u00f3 que es trobi fora d&#8217;aquesta web i no sigui gestionada directament pel nostre webmaster. La funci\u00f3 dels links que apareixen en aquesta web \u00e9s exclusivament la d&#8217;informar l&#8217;usuari sobre l&#8217;exist\u00e8ncia d&#8217;altres fonts susceptibles d&#8217;ampliar els continguts que ofereix aquest lloc web. ARCAS OLL\u00c9, S.L. no garanteix ni es responsabilitza del funcionament o accessibilitat dels llocs enlla\u00e7ats; ni suggereix, convida o recomana la visita a aquests, per la qual cosa tampoc ser\u00e0 responsable del resultat obtingut. ARCAS OLL\u00c9, S.L. no es responsabilitza de l&#8217;establiment d&#8217;enlla\u00e7os per part de tercers.   <\/p>\n<h2>5. Procediment en cas de realitzaci\u00f3 d&#8217;activitats de car\u00e0cter il\u00b7l\u00edcit<\/h2>\n<p>En el cas que vost\u00e8 o un tercer consideri que existeixen fets o circumst\u00e0ncies que revelin el car\u00e0cter il\u00b7l\u00edcit de la utilitzaci\u00f3 de qualsevol contingut i\/o de la realitzaci\u00f3 de qualsevol activitat en les p\u00e0gines web incloses o accessibles a trav\u00e9s del lloc web, haur\u00e0 de posar-se en contacte amb ARCAS OLL\u00c9, S.L. identificant-se degudament, especificant les suposades infraccions i declarant expressament i sota la seva responsabilitat que la informaci\u00f3 proporcionada en la notificaci\u00f3 \u00e9s exacta.<\/p>\n<p>Per a tota q\u00fcesti\u00f3 litigiosa que incumbeixi el lloc web d&#8217;ARCAS OLL\u00c9, S.L., ser\u00e0 aplicable la legislaci\u00f3 espanyola, sent competents els Jutjats i Tribunals m\u00e9s pr\u00f2xims a la seu de (Espanya).<\/p>\n<h2>6. Publicacions<\/h2>\n<p>La informaci\u00f3 administrativa facilitada a trav\u00e9s del lloc web no substitueix la publicitat legal de les lleis, normatives, plans, disposicions generals i actes que hagin de ser publicats formalment als diaris oficials de les administracions p\u00fabliques, que constitueixen l&#8217;\u00fanic instrument que dona fe de la seva autenticitat i contingut. La informaci\u00f3 disponible en aquest lloc web ha d&#8217;entendre&#8217;s com una guia sense prop\u00f2sit de validesa legal. <\/p>\n<p>[\/et_pb_text][\/et_pb_column][\/et_pb_row][\/et_pb_section]<\/p>\n","protected":false},"excerpt":{"rendered":"<p>Av\u00eds legal 1. Objecte i acceptaci\u00f3 Aquest av\u00eds legal regula l&#8217;\u00fas del nostre lloc web, del qual \u00e9s titular ARCAS OLL\u00c9, S.L. La navegaci\u00f3 pel lloc web d&#8217;ARCAS OLL\u00c9, S.L. atribueix la condici\u00f3 d&#8217;usuari i implica l&#8217;acceptaci\u00f3 plena i sense reserves de totes i cadascuna de les disposicions incloses en aquest Av\u00eds Legal, que poden [&hellip;]<\/p>\n","protected":false},"author":2,"featured_media":0,"parent":0,"menu_order":0,"comment_status":"closed","ping_status":"closed","template":"","meta":{"_et_pb_use_builder":"on","_et_pb_old_content":"","_et_gb_content_width":"","footnotes":""},"dipi_cpt_category":[],"class_list":["post-2515","page","type-page","status-publish","hentry"],"_links":{"self":[{"href":"https:\/\/www.arcasolle.com\/ca\/wp-json\/wp\/v2\/pages\/2515","targetHints":{"allow":["GET"]}}],"collection":[{"href":"https:\/\/www.arcasolle.com\/ca\/wp-json\/wp\/v2\/pages"}],"about":[{"href":"https:\/\/www.arcasolle.com\/ca\/wp-json\/wp\/v2\/types\/page"}],"author":[{"embeddable":true,"href":"https:\/\/www.arcasolle.com\/ca\/wp-json\/wp\/v2\/users\/2"}],"replies":[{"embeddable":true,"href":"https:\/\/www.arcasolle.com\/ca\/wp-json\/wp\/v2\/comments?post=2515"}],"version-history":[{"count":17,"href":"https:\/\/www.arcasolle.com\/ca\/wp-json\/wp\/v2\/pages\/2515\/revisions"}],"predecessor-version":[{"id":33239,"href":"https:\/\/www.arcasolle.com\/ca\/wp-json\/wp\/v2\/pages\/2515\/revisions\/33239"}],"wp:attachment":[{"href":"https:\/\/www.arcasolle.com\/ca\/wp-json\/wp\/v2\/media?parent=2515"}],"wp:term":[{"taxonomy":"dipi_cpt_category","embeddable":true,"href":"https:\/\/www.arcasolle.com\/ca\/wp-json\/wp\/v2\/dipi_cpt_category?post=2515"}],"curies":[{"name":"wp","href":"https:\/\/api.w.org\/{rel}","templated":true}]}}