{"id":28861,"date":"2026-01-08T12:05:28","date_gmt":"2026-01-08T10:05:28","guid":{"rendered":"https:\/\/www.arcasolle.com\/?page_id=28861"},"modified":"2026-03-27T13:39:37","modified_gmt":"2026-03-27T11:39:37","slug":"sobre-olle","status":"publish","type":"page","link":"https:\/\/www.arcasolle.com\/ca\/sobre-olle\/","title":{"rendered":"Sobre Oll\u00e9"},"content":{"rendered":"<p>[et_pb_section fb_built=&#8221;1&#8243; _builder_version=&#8221;4.21.0&#8243; _module_preset=&#8221;default&#8221; background_color=&#8221;#000000&#8243; custom_margin=&#8221;0px|0px|0px|0px|false|false&#8221; custom_padding=&#8221;0px|0px|0px|0px|false|false&#8221; global_colors_info=&#8221;{}&#8221;][et_pb_row _builder_version=&#8221;4.21.0&#8243; _module_preset=&#8221;default&#8221; custom_padding=&#8221;0px||0px||false|false&#8221; global_colors_info=&#8221;{}&#8221;][et_pb_column type=&#8221;4_4&#8243; _builder_version=&#8221;4.18.0&#8243; _module_preset=&#8221;default&#8221; global_colors_info=&#8221;{}&#8221;][et_pb_code _builder_version=&#8221;4.21.0&#8243; _module_preset=&#8221;default&#8221; global_colors_info=&#8221;{}&#8221;]<iframe width=\"auto\" height=\"150\" src=\"https:\/\/www.youtube.com\/embed\/LsFrbUZd0jg?si=BJV0GJpyhnuVWvwP&amp;autoplay=1&amp;controls=1&amp;disablekb=1&amp;enablejsapi=1&amp;fs=0&amp;iv_load_policy=3&amp;loop=1&amp;modestbranding=1&amp;mute=1\" title=\"YouTube video player\" frameborder=\"0\" allow=\"accelerometer; autoplay; clipboard-write; encrypted-media; gyroscope; picture-in-picture; web-share\" allowfullscreen=\"\"><\/iframe>[\/et_pb_code][\/et_pb_column][\/et_pb_row][\/et_pb_section][et_pb_section fb_built=&#8221;1&#8243; _builder_version=&#8221;4.21.0&#8243; _module_preset=&#8221;default&#8221; background_color=&#8221;#E3E3E1&#8243; global_colors_info=&#8221;{}&#8221;][et_pb_row _builder_version=&#8221;4.21.0&#8243; _module_preset=&#8221;e89263f0-9fdb-4971-abde-cbc602200fc5&#8243; global_colors_info=&#8221;{}&#8221;][et_pb_column type=&#8221;4_4&#8243; _builder_version=&#8221;4.18.0&#8243; _module_preset=&#8221;default&#8221; global_colors_info=&#8221;{}&#8221;][et_pb_text _builder_version=&#8221;4.21.0&#8243; _module_preset=&#8221;29a7246a-6bcb-4ecd-913b-f8c2124aae5c&#8221; global_colors_info=&#8221;{}&#8221;]<\/p>\n<h1>La nostra empresa<\/h1>\n<p>[\/et_pb_text][\/et_pb_column][\/et_pb_row][et_pb_row column_structure=&#8221;3_4,1_4&#8243; _builder_version=&#8221;4.21.0&#8243; _module_preset=&#8221;default&#8221; global_colors_info=&#8221;{}&#8221;][et_pb_column type=&#8221;3_4&#8243; _builder_version=&#8221;4.18.0&#8243; _module_preset=&#8221;default&#8221; global_colors_info=&#8221;{}&#8221;][et_pb_text _builder_version=&#8221;4.27.4&#8243; _module_preset=&#8221;29a7246a-6bcb-4ecd-913b-f8c2124aae5c&#8221; global_colors_info=&#8221;{}&#8221;]<\/p>\n<p><strong>ARCAS OLL\u00c9<\/strong> \u00e9s una empresa familiar dedicada a la fabricaci\u00f3 de caixes fortes des de <strong>1845<\/strong>. Actualment, la quarta generaci\u00f3 de la fam\u00edlia est\u00e0 al capdavant de l&#8217;empresa i els correspon el ferm comprom\u00eds de vetllar pel prestigi de la marca ARCAS OLL\u00c9. <\/p>\n<p>Com a empresa <strong>l\u00edder en el sector<\/strong>, tenim la necessitat d&#8217;innovar cont\u00ednuament i aplicar en els processos de fabricaci\u00f3 les \u00faltimes tecnologies.<\/p>\n<p>Els reptes que ens presenta el futur, en un mercat globalitzat i en constant evoluci\u00f3, s\u00f3n un est\u00edmul per continuar desenvolupant nous productes que cobreixin les necessitats dels nostres clients. En aquest sentit, posem el nostre departament d&#8217;R+D a la vostra disposici\u00f3 per a <strong>donar soluci\u00f3<\/strong> a les vostres demandes en el camp de la seguretat f\u00edsica. <\/p>\n<p>[\/et_pb_text][\/et_pb_column][et_pb_column type=&#8221;1_4&#8243; _builder_version=&#8221;4.18.0&#8243; _module_preset=&#8221;default&#8221; custom_padding=&#8221;0px|0px|0px|0px|false|false&#8221; global_colors_info=&#8221;{}&#8221;][et_pb_sidebar _builder_version=&#8221;4.27.5&#8243; _module_preset=&#8221;default&#8221; area=&#8221;et_pb_widget_area_1&#8243; show_border=&#8221;off&#8221; hover_enabled=&#8221;0&#8243; sticky_enabled=&#8221;0&#8243;][\/et_pb_sidebar][\/et_pb_column][\/et_pb_row][et_pb_row column_structure=&#8221;1_2,1_2&#8243; _builder_version=&#8221;4.21.0&#8243; _module_preset=&#8221;default&#8221; global_colors_info=&#8221;{}&#8221;][et_pb_column type=&#8221;1_2&#8243; _builder_version=&#8221;4.18.0&#8243; _module_preset=&#8221;default&#8221; global_colors_info=&#8221;{}&#8221;][et_pb_image src=&#8221;https:\/\/www.arcasolle.com\/wp-content\/uploads\/2022\/10\/empresa-e1685432284403.png&#8221; alt=&#8221;Arcas Oll\u00e9 presentaci\u00f3&#8221; title_text=&#8221;Arcas Oll\u00e9 presentaci\u00f3&#8221; _builder_version=&#8221;4.21.0&#8243; _module_preset=&#8221;default&#8221; global_colors_info=&#8221;{}&#8221;][\/et_pb_image][\/et_pb_column][et_pb_column type=&#8221;1_2&#8243; _builder_version=&#8221;4.18.0&#8243; _module_preset=&#8221;default&#8221; custom_padding=&#8221;0px|0px|0px|0px|false|false&#8221; global_colors_info=&#8221;{}&#8221;][et_pb_text _builder_version=&#8221;4.21.0&#8243; _module_preset=&#8221;29a7246a-6bcb-4ecd-913b-f8c2124aae5c&#8221; global_colors_info=&#8221;{}&#8221;]<\/p>\n<h2>Qualitat, innovaci\u00f3 i servei<\/h2>\n<p>Les nostres caixes fortes han estat sotmeses a rigorosos assajos previstos a la norma UNE EN-1143 i han obtingut les corresponents certificacions en els seus diferents graus de resist\u00e8ncia.<\/p>\n<p><strong>La qualitat, la innovaci\u00f3 i el servei<\/strong> s\u00f3n els pilars de la nostra empresa, sense els quals no podr\u00edem mer\u00e8ixer la confian\u00e7a que tots els nostres clients ens atorguen.<\/p>\n<p>Des de l&#8217;any 2005, comptem amb unes noves instal\u00b7lacions de 8.500 m\u00b2 de superf\u00edcie, situades a prop de Barcelona, en una zona estrat\u00e8gicament id\u00f2nia per a la log\u00edstica dels nostres productes i on centralitzem tots els departaments de l&#8217;empresa.[\/et_pb_text][\/et_pb_column][\/et_pb_row][et_pb_row _builder_version=&#8221;4.21.0&#8243; _module_preset=&#8221;default&#8221; global_colors_info=&#8221;{}&#8221;][et_pb_column type=&#8221;4_4&#8243; _builder_version=&#8221;4.18.0&#8243; _module_preset=&#8221;default&#8221; custom_padding=&#8221;0px|0px|0px|0px|false|false&#8221; global_colors_info=&#8221;{}&#8221;][et_pb_text _builder_version=&#8221;4.27.5&#8243; _module_preset=&#8221;29a7246a-6bcb-4ecd-913b-f8c2124aae5c&#8221; global_colors_info=&#8221;{}&#8221;]<\/p>\n<p>El juliol de 2018, la nostra empresa va obtenir el Certificat ISO 9001:2015 de Sistemes de Gesti\u00f3 de la Qualitat, que podeu consultar a trav\u00e9s de l&#8217;enlla\u00e7 seg\u00fcent: <a href=\"https:\/\/www.arcasolle.com\/wp-content\/uploads\/2024\/09\/certificado-iso-9001-2015-arcas-olle-es.pdf\" target=\"_blank\" rel=\"noopener\"><span style=\"text-decoration: underline;\">certificado ISO 9001:2015<\/span><\/a>. Per aquest motiu, tamb\u00e9 posem a la vostra disposici\u00f3 la nostra Pol\u00edtica de Qualitat a l&#8217;enlla\u00e7 seg\u00fcent: <span style=\"text-decoration: underline;\"><a href=\"https:\/\/www.arcasolle.com\/ca\/politica-de-qualitat\/\" target=\"_blank\" rel=\"noopener\">pol\u00edtica de calidad<\/a><\/span>. <\/p>\n<p>[\/et_pb_text][\/et_pb_column][\/et_pb_row][\/et_pb_section][et_pb_section fb_built=&#8221;1&#8243; _builder_version=&#8221;4.18.0&#8243; _module_preset=&#8221;default&#8221; global_colors_info=&#8221;{}&#8221;][et_pb_row _builder_version=&#8221;4.21.0&#8243; _module_preset=&#8221;default&#8221; global_colors_info=&#8221;{}&#8221;][et_pb_column type=&#8221;4_4&#8243; _builder_version=&#8221;4.18.0&#8243; _module_preset=&#8221;default&#8221; global_colors_info=&#8221;{}&#8221;][et_pb_text _builder_version=&#8221;4.27.4&#8243; _module_preset=&#8221;29a7246a-6bcb-4ecd-913b-f8c2124aae5c&#8221; global_colors_info=&#8221;{}&#8221;]<\/p>\n<h2>La nostra hist\u00f2ria<\/h2>\n<p>[\/et_pb_text][\/et_pb_column][\/et_pb_row][et_pb_row _builder_version=&#8221;4.21.0&#8243; _module_preset=&#8221;default&#8221; global_colors_info=&#8221;{}&#8221;][et_pb_column type=&#8221;4_4&#8243; _builder_version=&#8221;4.21.0&#8243; _module_preset=&#8221;default&#8221; global_colors_info=&#8221;{}&#8221;][dipi_timeline _builder_version=&#8221;4.27.5&#8243; _module_preset=&#8221;default&#8221; global_colors_info=&#8221;{}&#8221;][dipi_timeline_item title=&#8221;1845&#8243; _builder_version=&#8221;4.21.0&#8243; _module_preset=&#8221;default&#8221; global_colors_info=&#8221;{}&#8221;]<\/p>\n<p>D&#8217;aquest any consten els or\u00edgens documentats d&#8217;ARCAS OLL\u00c9, quan Pablo Corcelles Vall\u00e9s es va establir com a serraller a Vallbona d&#8217;Anoia (Barcelona) i va fundar un petit taller de serralleria on va fabricar de manera artesanal els primers panys de clau.<\/p>\n<p>[\/dipi_timeline_item][dipi_timeline_item title=&#8221;1901&#8243; _builder_version=&#8221;4.21.0&#8243; _module_preset=&#8221;default&#8221; global_colors_info=&#8221;{}&#8221;]<\/p>\n<p>Venanci Oll\u00e9 Viladiu, esp\u00f2s de Maria Corcelles Sabat\u00e9, va agafar les regnes del negoci familiar, on a m\u00e9s de les tasques pr\u00f2pies de serralleria i ferreria, va evolucionar i perfeccionar els panys de gola.<\/p>\n<p>[\/dipi_timeline_item][dipi_timeline_item title=&#8221;1929&#8243; _builder_version=&#8221;4.21.0&#8243; _module_preset=&#8221;default&#8221; global_colors_info=&#8221;{}&#8221;]<\/p>\n<p>La segona generaci\u00f3 de la fam\u00edlia Oll\u00e9 pren el relleu amb Joan Oll\u00e9 Corcelles, que comen\u00e7a a fabricar les primeres caixes fortes i combinacions mec\u00e0niques, convertint aix\u00ed l&#8217;empresa en pionera al mercat espanyol de seguretat f\u00edsica.<\/p>\n<p>[\/dipi_timeline_item][dipi_timeline_item title=&#8221;1963&#8243; _builder_version=&#8221;4.21.0&#8243; _module_preset=&#8221;default&#8221; global_colors_info=&#8221;{}&#8221;]<\/p>\n<p>Comen\u00e7a l&#8217;expansi\u00f3 en l&#8217;\u00e0mbit nacional i internacional de la marca ARCAS OLL\u00c9 de la m\u00e0 de Venanci Oll\u00e9 Sabate, amb la fabricaci\u00f3 en s\u00e8rie de les caixes fortes d&#8217;encastar, caixes fortes de moble, armaris blindats i el desenvolupament dels panys de combinaci\u00f3 variable de tres discos.<\/p>\n<p>[\/dipi_timeline_item][dipi_timeline_item title=&#8221;1995&#8243; _builder_version=&#8221;4.27.4&#8243; _module_preset=&#8221;default&#8221; global_colors_info=&#8221;{}&#8221;]<\/p>\n<p>La quarta generaci\u00f3 de la fam\u00edlia Oll\u00e9, formada pels germans Maria Teresa, Joan, Maria Ant\u00f2nia, Miquel i Xavier, es posa al capdavant de l&#8217;empresa amb la dif\u00edcil tasca de consolidar la marca. Durant aquest per\u00edode, s&#8217;han llan\u00e7at al mercat noves i innovadores s\u00e8ries de caixes fortes aplicant la tecnologia del l\u00e0ser i s&#8217;han desenvolupat caixes de seguretat aut\u00f2nomes de grau III i IV segons la norma UNE EN-1143-1. <\/p>\n<p>[\/dipi_timeline_item][dipi_timeline_item title=&#8221;2025&#8243; alt=&#8221;180 anys de Arcas Oll\u00e9, des de 1845&#8243; content_tablet=&#8221;<\/p>\n<p><img src=%22https:\/\/www.arcasolle.com\/wp-content\/uploads\/2026\/01\/arcas-olle-dark-completa-ca.svg%22 width=%22300%22 height=%22300%22 alt=%22180 anys de Arcas Oll\u00e9, des de 1845%22 class=%22wp-image-28610 alignnone size-medium%22><\/p>\n<p>&#8221; content_phone=&#8221;<\/p>\n<p><img src=%22https:\/\/www.arcasolle.com\/wp-content\/uploads\/2026\/01\/arcas-olle-dark-completa-vertical-ca.svg%22 width=%22300%22 height=%22300%22 alt=%22180 anys de Arcas Oll\u00e9, des de 1845%22 class=%22wp-image-28614 alignnone size-medium%22><\/p>\n<p>&#8221; content_last_edited=&#8221;on|phone&#8221; image_tablet=&#8221;https:\/\/www.arcasolle.com\/wp-content\/uploads\/2026\/01\/arcas-olle-dark-completa-ca.svg&#8221; image_phone=&#8221;https:\/\/www.arcasolle.com\/wp-content\/uploads\/2026\/01\/arcas-olle-dark-completa-vertical-ca.svg&#8221; image_last_edited=&#8221;off|desktop&#8221; _builder_version=&#8221;4.27.5&#8243; _module_preset=&#8221;default&#8221; custom_css_timeline_item_image=&#8221;width:300px;||max-width:100%;&#8221; global_colors_info=&#8221;{}&#8221;]<\/p>\n<p>&nbsp;<\/p>\n<p><img decoding=\"async\" src=\"https:\/\/www.arcasolle.com\/wp-content\/uploads\/2026\/01\/arcas-olle-dark-completa-ca.svg\" width=\"300\" height=\"300\" alt=\"180 anys de Arcas Oll\u00e9, des de 1845\" class=\"wp-image-28610 alignnone size-medium\"><\/p>\n<p>[\/dipi_timeline_item][dipi_timeline_item _builder_version=&#8221;4.27.5&#8243; _module_preset=&#8221;default&#8221; global_colors_info=&#8221;{}&#8221;]<iframe width=\"560\" height=\"315\" src=\"https:\/\/www.youtube.com\/embed\/3nPjUIHwjoE?si=2dHFRYspVECFDKKi\" title=\"YouTube video player\" frameborder=\"0\" allow=\"accelerometer; autoplay; clipboard-write; encrypted-media; gyroscope; picture-in-picture; web-share\" referrerpolicy=\"strict-origin-when-cross-origin\" allowfullscreen=\"\"><\/iframe>[\/dipi_timeline_item][\/dipi_timeline][\/et_pb_column][\/et_pb_row][\/et_pb_section]<\/p>\n","protected":false},"excerpt":{"rendered":"<p>La nostra empresaARCAS OLL\u00c9 \u00e9s una empresa familiar dedicada a la fabricaci\u00f3 de caixes fortes des de 1845. Actualment, la quarta generaci\u00f3 de la fam\u00edlia est\u00e0 al capdavant de l&#8217;empresa i els correspon el ferm comprom\u00eds de vetllar pel prestigi de la marca ARCAS OLL\u00c9. Com a empresa l\u00edder en el sector, tenim la necessitat [&hellip;]<\/p>\n","protected":false},"author":2,"featured_media":0,"parent":0,"menu_order":0,"comment_status":"closed","ping_status":"closed","template":"","meta":{"_et_pb_use_builder":"on","_et_pb_old_content":"","_et_gb_content_width":"","footnotes":""},"dipi_cpt_category":[],"class_list":["post-28861","page","type-page","status-publish","hentry"],"_links":{"self":[{"href":"https:\/\/www.arcasolle.com\/ca\/wp-json\/wp\/v2\/pages\/28861","targetHints":{"allow":["GET"]}}],"collection":[{"href":"https:\/\/www.arcasolle.com\/ca\/wp-json\/wp\/v2\/pages"}],"about":[{"href":"https:\/\/www.arcasolle.com\/ca\/wp-json\/wp\/v2\/types\/page"}],"author":[{"embeddable":true,"href":"https:\/\/www.arcasolle.com\/ca\/wp-json\/wp\/v2\/users\/2"}],"replies":[{"embeddable":true,"href":"https:\/\/www.arcasolle.com\/ca\/wp-json\/wp\/v2\/comments?post=28861"}],"version-history":[{"count":46,"href":"https:\/\/www.arcasolle.com\/ca\/wp-json\/wp\/v2\/pages\/28861\/revisions"}],"predecessor-version":[{"id":33806,"href":"https:\/\/www.arcasolle.com\/ca\/wp-json\/wp\/v2\/pages\/28861\/revisions\/33806"}],"wp:attachment":[{"href":"https:\/\/www.arcasolle.com\/ca\/wp-json\/wp\/v2\/media?parent=28861"}],"wp:term":[{"taxonomy":"dipi_cpt_category","embeddable":true,"href":"https:\/\/www.arcasolle.com\/ca\/wp-json\/wp\/v2\/dipi_cpt_category?post=28861"}],"curies":[{"name":"wp","href":"https:\/\/api.w.org\/{rel}","templated":true}]}}