{"id":18600,"date":"2023-06-06T12:49:10","date_gmt":"2023-06-06T11:44:16","guid":{"rendered":"https:\/\/www.arcas-olle.com\/productes\/sense%20categoria\/serie-eos-sobreposar-combinacio-electronica\/"},"modified":"2023-06-06T13:44:16","modified_gmt":"2023-06-06T11:44:16","slug":"serie-eos-sobreposar-combinacio-electronica","status":"publish","type":"product","link":"https:\/\/www.arcasolle.com\/ca\/productes\/caixes-fortes\/serie-eos-sobreposar-combinacio-electronica\/","title":{"rendered":"S\u00e8rie EOS &#8211; Sobreposar &#8211; Combinaci\u00f3 electr\u00f2nica"},"content":{"rendered":"<ul><\/ul>\n","protected":false},"excerpt":{"rendered":"","protected":false},"featured_media":1465,"comment_status":"closed","ping_status":"closed","template":"","meta":{"_et_pb_use_builder":"","_et_pb_old_content":"","_et_gb_content_width":""},"product_brand":[],"product_cat":[101],"product_tag":[],"class_list":{"0":"post-18600","1":"product","2":"type-product","3":"status-publish","4":"has-post-thumbnail","6":"product_cat-caixes-fortes","8":"first","9":"instock","10":"purchasable","11":"product-type-variable"},"_links":{"self":[{"href":"https:\/\/www.arcasolle.com\/ca\/wp-json\/wp\/v2\/product\/18600","targetHints":{"allow":["GET"]}}],"collection":[{"href":"https:\/\/www.arcasolle.com\/ca\/wp-json\/wp\/v2\/product"}],"about":[{"href":"https:\/\/www.arcasolle.com\/ca\/wp-json\/wp\/v2\/types\/product"}],"replies":[{"embeddable":true,"href":"https:\/\/www.arcasolle.com\/ca\/wp-json\/wp\/v2\/comments?post=18600"}],"wp:featuredmedia":[{"embeddable":true,"href":"https:\/\/www.arcasolle.com\/ca\/wp-json\/wp\/v2\/media\/1465"}],"wp:attachment":[{"href":"https:\/\/www.arcasolle.com\/ca\/wp-json\/wp\/v2\/media?parent=18600"}],"wp:term":[{"taxonomy":"product_brand","embeddable":true,"href":"https:\/\/www.arcasolle.com\/ca\/wp-json\/wp\/v2\/product_brand?post=18600"},{"taxonomy":"product_cat","embeddable":true,"href":"https:\/\/www.arcasolle.com\/ca\/wp-json\/wp\/v2\/product_cat?post=18600"},{"taxonomy":"product_tag","embeddable":true,"href":"https:\/\/www.arcasolle.com\/ca\/wp-json\/wp\/v2\/product_tag?post=18600"}],"curies":[{"name":"wp","href":"https:\/\/api.w.org\/{rel}","templated":true}]}}