{"id":18602,"date":"2023-06-06T12:49:10","date_gmt":"2023-06-06T10:49:10","guid":{"rendered":"https:\/\/www.arcas-olle.com\/productes\/sense%20categoria\/serie-600-encastar-electronica\/"},"modified":"2026-01-16T13:15:35","modified_gmt":"2026-01-16T11:15:35","slug":"serie-600-mural-electronica","status":"publish","type":"product","link":"https:\/\/www.arcasolle.com\/ca\/productes\/caixes-fortes\/serie-600-mural-electronica\/","title":{"rendered":"S\u00e8rie 600 &#8211; Mural &#8211; Electr\u00f2nica"},"content":{"rendered":"<ul>\n<li>Combinaci\u00f3 electr\u00f2nica amb sistema Ocluc.<\/li>\n<li>Clau d&#8217;emerg\u00e8ncia.<\/li>\n<li>Llum interior.<\/li>\n<li>Connexi\u00f3 bateria exterior.<\/li>\n<\/ul>\n","protected":false},"excerpt":{"rendered":"<p>Combinaci\u00f3 electr\u00f2nica amb sistema Ocluc. Clau d&#8217;emerg\u00e8ncia. Llum interior. Connexi\u00f3 bateria exterior.<\/p>\n","protected":false},"featured_media":1481,"comment_status":"closed","ping_status":"closed","template":"","meta":{"_et_pb_use_builder":"","_et_pb_old_content":"","_et_gb_content_width":""},"product_brand":[],"product_cat":[101],"product_tag":[],"class_list":{"0":"post-18602","1":"product","2":"type-product","3":"status-publish","4":"has-post-thumbnail","6":"product_cat-caixes-fortes","7":"pa_nombre-de-prestatges-7782","8":"pa_nombre-de-prestatges-7812","10":"first","11":"instock","12":"purchasable","13":"product-type-variable"},"_links":{"self":[{"href":"https:\/\/www.arcasolle.com\/ca\/wp-json\/wp\/v2\/product\/18602","targetHints":{"allow":["GET"]}}],"collection":[{"href":"https:\/\/www.arcasolle.com\/ca\/wp-json\/wp\/v2\/product"}],"about":[{"href":"https:\/\/www.arcasolle.com\/ca\/wp-json\/wp\/v2\/types\/product"}],"replies":[{"embeddable":true,"href":"https:\/\/www.arcasolle.com\/ca\/wp-json\/wp\/v2\/comments?post=18602"}],"wp:featuredmedia":[{"embeddable":true,"href":"https:\/\/www.arcasolle.com\/ca\/wp-json\/wp\/v2\/media\/1481"}],"wp:attachment":[{"href":"https:\/\/www.arcasolle.com\/ca\/wp-json\/wp\/v2\/media?parent=18602"}],"wp:term":[{"taxonomy":"product_brand","embeddable":true,"href":"https:\/\/www.arcasolle.com\/ca\/wp-json\/wp\/v2\/product_brand?post=18602"},{"taxonomy":"product_cat","embeddable":true,"href":"https:\/\/www.arcasolle.com\/ca\/wp-json\/wp\/v2\/product_cat?post=18602"},{"taxonomy":"product_tag","embeddable":true,"href":"https:\/\/www.arcasolle.com\/ca\/wp-json\/wp\/v2\/product_tag?post=18602"}],"curies":[{"name":"wp","href":"https:\/\/api.w.org\/{rel}","templated":true}]}}