{"id":18603,"date":"2023-06-06T12:49:10","date_gmt":"2023-06-06T10:49:10","guid":{"rendered":"https:\/\/www.arcas-olle.com\/productes\/sense%20categoria\/serie-600-encastar-electronica-i-pany-de-gorges\/"},"modified":"2026-01-16T13:15:32","modified_gmt":"2026-01-16T11:15:32","slug":"serie-600-mural-electronica-y-llave-de-gorjas","status":"publish","type":"product","link":"https:\/\/www.arcasolle.com\/ca\/productes\/caixes-fortes\/serie-600-mural-electronica-y-llave-de-gorjas\/","title":{"rendered":"S\u00e8rie 600 &#8211; Mural &#8211; Electr\u00f2nica i clau de borjas"},"content":{"rendered":"<ul>\n<li>Pany de 7 borrells i doble palet\u00f3. Homologacions: VdS Klasse 1 \/ A 1300 Classe A \/ a2p Niveau AE <\/li>\n<li>Clau d&#8217;emerg\u00e8ncia.<\/li>\n<li>Combinaci\u00f3 electr\u00f2nica amb el sistema OCLUC.<\/li>\n<li>Llum interior.<\/li>\n<li>Connexi\u00f3 bateria exterior.<\/li>\n<\/ul>\n","protected":false},"excerpt":{"rendered":"<p>Pany de 7 borrells i doble palet\u00f3. Homologacions: VdS Klasse 1 \/ A 1300 Classe A \/ a2p Niveau AE Clau d&#8217;emerg\u00e8ncia. Combinaci\u00f3 electr\u00f2nica amb el sistema OCLUC. Llum interior. Connexi\u00f3 bateria exterior.<\/p>\n","protected":false},"featured_media":1489,"comment_status":"closed","ping_status":"closed","template":"","meta":{"_et_pb_use_builder":"","_et_pb_old_content":"","_et_gb_content_width":""},"product_brand":[],"product_cat":[101],"product_tag":[],"class_list":{"0":"post-18603","1":"product","2":"type-product","3":"status-publish","4":"has-post-thumbnail","6":"product_cat-caixes-fortes","7":"pa_nombre-de-prestatges-7782","8":"pa_nombre-de-prestatges-7812","10":"first","11":"instock","12":"purchasable","13":"product-type-variable"},"_links":{"self":[{"href":"https:\/\/www.arcasolle.com\/ca\/wp-json\/wp\/v2\/product\/18603","targetHints":{"allow":["GET"]}}],"collection":[{"href":"https:\/\/www.arcasolle.com\/ca\/wp-json\/wp\/v2\/product"}],"about":[{"href":"https:\/\/www.arcasolle.com\/ca\/wp-json\/wp\/v2\/types\/product"}],"replies":[{"embeddable":true,"href":"https:\/\/www.arcasolle.com\/ca\/wp-json\/wp\/v2\/comments?post=18603"}],"wp:featuredmedia":[{"embeddable":true,"href":"https:\/\/www.arcasolle.com\/ca\/wp-json\/wp\/v2\/media\/1489"}],"wp:attachment":[{"href":"https:\/\/www.arcasolle.com\/ca\/wp-json\/wp\/v2\/media?parent=18603"}],"wp:term":[{"taxonomy":"product_brand","embeddable":true,"href":"https:\/\/www.arcasolle.com\/ca\/wp-json\/wp\/v2\/product_brand?post=18603"},{"taxonomy":"product_cat","embeddable":true,"href":"https:\/\/www.arcasolle.com\/ca\/wp-json\/wp\/v2\/product_cat?post=18603"},{"taxonomy":"product_tag","embeddable":true,"href":"https:\/\/www.arcasolle.com\/ca\/wp-json\/wp\/v2\/product_tag?post=18603"}],"curies":[{"name":"wp","href":"https:\/\/api.w.org\/{rel}","templated":true}]}}