{"id":28875,"date":"2026-01-08T12:08:47","date_gmt":"2026-01-08T10:08:47","guid":{"rendered":"https:\/\/www.arcasolle.com\/caixes-fortes-1845\/"},"modified":"2026-03-27T13:53:02","modified_gmt":"2026-03-27T11:53:02","slug":"about-olle","status":"publish","type":"page","link":"https:\/\/www.arcasolle.com\/en\/about-olle\/","title":{"rendered":"About Oll\u00e9"},"content":{"rendered":"<p>[et_pb_section fb_built=&#8221;1&#8243; _builder_version=&#8221;4.21.0&#8243; _module_preset=&#8221;default&#8221; background_color=&#8221;#000000&#8243; custom_margin=&#8221;0px|0px|0px|0px|false|false&#8221; custom_padding=&#8221;0px|0px|0px|0px|false|false&#8221; global_colors_info=&#8221;{}&#8221;][et_pb_row _builder_version=&#8221;4.21.0&#8243; _module_preset=&#8221;default&#8221; custom_padding=&#8221;0px||0px||false|false&#8221; global_colors_info=&#8221;{}&#8221;][et_pb_column type=&#8221;4_4&#8243; _builder_version=&#8221;4.18.0&#8243; _module_preset=&#8221;default&#8221; global_colors_info=&#8221;{}&#8221;][et_pb_code _builder_version=&#8221;4.21.0&#8243; _module_preset=&#8221;default&#8221; global_colors_info=&#8221;{}&#8221;]<iframe width=\"auto\" height=\"150\" src=\"https:\/\/www.youtube.com\/embed\/LsFrbUZd0jg?si=BJV0GJpyhnuVWvwP&amp;autoplay=1&amp;controls=1&amp;disablekb=1&amp;enablejsapi=1&amp;fs=0&amp;iv_load_policy=3&amp;loop=1&amp;modestbranding=1&amp;mute=1\" title=\"YouTube video player\" frameborder=\"0\" allow=\"accelerometer; autoplay; clipboard-write; encrypted-media; gyroscope; picture-in-picture; web-share\" allowfullscreen=\"\"><\/iframe>[\/et_pb_code][\/et_pb_column][\/et_pb_row][\/et_pb_section][et_pb_section fb_built=&#8221;1&#8243; _builder_version=&#8221;4.21.0&#8243; _module_preset=&#8221;default&#8221; background_color=&#8221;#E3E3E1&#8243; global_colors_info=&#8221;{}&#8221;][et_pb_row _builder_version=&#8221;4.21.0&#8243; _module_preset=&#8221;e89263f0-9fdb-4971-abde-cbc602200fc5&#8243; global_colors_info=&#8221;{}&#8221;][et_pb_column type=&#8221;4_4&#8243; _builder_version=&#8221;4.18.0&#8243; _module_preset=&#8221;default&#8221; global_colors_info=&#8221;{}&#8221;][et_pb_text _builder_version=&#8221;4.21.0&#8243; _module_preset=&#8221;29a7246a-6bcb-4ecd-913b-f8c2124aae5c&#8221; global_colors_info=&#8221;{}&#8221;]<\/p>\n<h1>Our company<\/h1>\n<p>[\/et_pb_text][\/et_pb_column][\/et_pb_row][et_pb_row column_structure=&#8221;3_4,1_4&#8243; _builder_version=&#8221;4.21.0&#8243; _module_preset=&#8221;default&#8221; global_colors_info=&#8221;{}&#8221;][et_pb_column type=&#8221;3_4&#8243; _builder_version=&#8221;4.18.0&#8243; _module_preset=&#8221;default&#8221; global_colors_info=&#8221;{}&#8221;][et_pb_text _builder_version=&#8221;4.27.4&#8243; _module_preset=&#8221;29a7246a-6bcb-4ecd-913b-f8c2124aae5c&#8221; global_colors_info=&#8221;{}&#8221;]<\/p>\n<p><strong>ARCAS OLL\u00c9<\/strong> is a family business dedicated to the manufacture of safes since <strong>1845<\/strong>. Currently, the fourth generation of the family is at the head of the company and they have the firm commitment to ensure the prestige of the ARCAS OLL\u00c9 brand. <\/p>\n<p>As a <strong>leading company in the sector<\/strong>, we have the need to continuously innovate and apply the latest technologies in the manufacturing processes.<\/p>\n<p>The challenges presented to us by the future, in a globalized and constantly evolving market, are an incentive to continue developing new products that meet the needs of our customers. In this sense, we put our R&amp;D department at your disposal to <strong>provide solutions<\/strong> to your demands in the field of physical security. <\/p>\n<p>[\/et_pb_text][\/et_pb_column][et_pb_column type=&#8221;1_4&#8243; _builder_version=&#8221;4.18.0&#8243; _module_preset=&#8221;default&#8221; custom_padding=&#8221;0px|0px|0px|0px|false|false&#8221; global_colors_info=&#8221;{}&#8221;][et_pb_sidebar _builder_version=&#8221;4.27.5&#8243; _module_preset=&#8221;default&#8221; area=&#8221;et_pb_widget_area_1&#8243; show_border=&#8221;off&#8221; hover_enabled=&#8221;0&#8243; sticky_enabled=&#8221;0&#8243;][\/et_pb_sidebar][\/et_pb_column][\/et_pb_row][et_pb_row column_structure=&#8221;1_2,1_2&#8243; _builder_version=&#8221;4.21.0&#8243; _module_preset=&#8221;default&#8221; global_colors_info=&#8221;{}&#8221;][et_pb_column type=&#8221;1_2&#8243; _builder_version=&#8221;4.18.0&#8243; _module_preset=&#8221;default&#8221; global_colors_info=&#8221;{}&#8221;][et_pb_image src=&#8221;https:\/\/www.arcasolle.com\/wp-content\/uploads\/2022\/10\/empresa-e1685432284403.png&#8221; alt=&#8221;Arcas Oll\u00e9 presentation&#8221; title_text=&#8221;Arcas Oll\u00e9 presentation&#8221; _builder_version=&#8221;4.21.0&#8243; _module_preset=&#8221;default&#8221; global_colors_info=&#8221;{}&#8221;][\/et_pb_image][\/et_pb_column][et_pb_column type=&#8221;1_2&#8243; _builder_version=&#8221;4.18.0&#8243; _module_preset=&#8221;default&#8221; custom_padding=&#8221;0px|0px|0px|0px|false|false&#8221; global_colors_info=&#8221;{}&#8221;][et_pb_text _builder_version=&#8221;4.21.0&#8243; _module_preset=&#8221;29a7246a-6bcb-4ecd-913b-f8c2124aae5c&#8221; global_colors_info=&#8221;{}&#8221;]<\/p>\n<h2>Quality, innovation and service<\/h2>\n<p>Our safes have been subjected to rigorous tests as required by the UNE EN-1143 standard and have obtained the corresponding certifications in their different grades of resistance.<\/p>\n<p><strong>Quality, innovation and service<\/strong> are the pillars of our company, without which we could not deserve the trust that all our customers give us.<\/p>\n<p>Since 2005, we have new facilities of 8,500 m\u00b2 of surface area, located near Barcelona, in a strategically ideal area for the logistics of our products and where we centralize all the departments of the company.[\/et_pb_text][\/et_pb_column][\/et_pb_row][et_pb_row _builder_version=&#8221;4.21.0&#8243; _module_preset=&#8221;default&#8221; global_colors_info=&#8221;{}&#8221;][et_pb_column type=&#8221;4_4&#8243; _builder_version=&#8221;4.18.0&#8243; _module_preset=&#8221;default&#8221; custom_padding=&#8221;0px|0px|0px|0px|false|false&#8221; global_colors_info=&#8221;{}&#8221;][et_pb_text _builder_version=&#8221;4.27.5&#8243; _module_preset=&#8221;29a7246a-6bcb-4ecd-913b-f8c2124aae5c&#8221; global_colors_info=&#8221;{}&#8221;]<\/p>\n<p>In July 2018, our company obtained the ISO 9001:2015 Certificate for Quality Management Systems, which you can consult through the following link: <a href=\"https:\/\/www.arcasolle.com\/wp-content\/uploads\/2024\/09\/certificado-iso-9001-2015-arcas-olle-es.pdf\" target=\"_blank\" rel=\"noopener\"><span style=\"text-decoration: underline;\">ISO 9001:2015 certificate<\/span><\/a>. For this reason, we also make our Quality Policy available to you at the following link: <span style=\"text-decoration: underline;\"><a href=\"https:\/\/www.arcasolle.com\/en\/quality-policy\/\" target=\"_blank\" rel=\"noopener\">quality policy<\/a><\/span>. <\/p>\n<p>[\/et_pb_text][\/et_pb_column][\/et_pb_row][\/et_pb_section][et_pb_section fb_built=&#8221;1&#8243; _builder_version=&#8221;4.18.0&#8243; _module_preset=&#8221;default&#8221; global_colors_info=&#8221;{}&#8221;][et_pb_row _builder_version=&#8221;4.21.0&#8243; _module_preset=&#8221;default&#8221; global_colors_info=&#8221;{}&#8221;][et_pb_column type=&#8221;4_4&#8243; _builder_version=&#8221;4.18.0&#8243; _module_preset=&#8221;default&#8221; global_colors_info=&#8221;{}&#8221;][et_pb_text _builder_version=&#8221;4.27.4&#8243; _module_preset=&#8221;29a7246a-6bcb-4ecd-913b-f8c2124aae5c&#8221; global_colors_info=&#8221;{}&#8221;]<\/p>\n<h2>Our history<\/h2>\n<p>[\/et_pb_text][\/et_pb_column][\/et_pb_row][et_pb_row _builder_version=&#8221;4.21.0&#8243; _module_preset=&#8221;default&#8221; global_colors_info=&#8221;{}&#8221;][et_pb_column type=&#8221;4_4&#8243; _builder_version=&#8221;4.21.0&#8243; _module_preset=&#8221;default&#8221; global_colors_info=&#8221;{}&#8221;][dipi_timeline _builder_version=&#8221;4.27.5&#8243; _module_preset=&#8221;default&#8221; global_colors_info=&#8221;{}&#8221;][dipi_timeline_item title=&#8221;1845&#8243; _builder_version=&#8221;4.21.0&#8243; _module_preset=&#8221;default&#8221; global_colors_info=&#8221;{}&#8221;]<\/p>\n<p>The documented origins of ARCAS OLL\u00c9 date back to this year, when Pablo Corcelles Vall\u00e9s established himself as a locksmith in Vallbona d&#8217;Anoia (Barcelona) and founded a small locksmith workshop where he handcrafted the first key locks.<\/p>\n<p>[\/dipi_timeline_item][dipi_timeline_item title=&#8221;1901&#8243; _builder_version=&#8221;4.21.0&#8243; _module_preset=&#8221;default&#8221; global_colors_info=&#8221;{}&#8221;]<\/p>\n<p>Venanci Oll\u00e9 Viladiu, husband of Mar\u00eda Corcelles Sabat\u00e9, took over the reins of the family business, where, in addition to the tasks of locksmithing and blacksmithing, he evolved and perfected the warded locks.<\/p>\n<p>[\/dipi_timeline_item][dipi_timeline_item title=&#8221;1929&#8243; _builder_version=&#8221;4.21.0&#8243; _module_preset=&#8221;default&#8221; global_colors_info=&#8221;{}&#8221;]<\/p>\n<p>The second generation of the Oll\u00e9 family takes over with Juan Oll\u00e9 Corcelles, who begins to manufacture the first safes and mechanical combinations, thus turning the company into a pioneer in the Spanish physical security market.<\/p>\n<p>[\/dipi_timeline_item][dipi_timeline_item title=&#8221;1963&#8243; _builder_version=&#8221;4.21.0&#8243; _module_preset=&#8221;default&#8221; global_colors_info=&#8221;{}&#8221;]<\/p>\n<p>The expansion in the national and international scope of the ARCAS OLL\u00c9 brand begins with Venanci Oll\u00e9 Sabate, with the mass production of built-in safes, furniture safes, armored cabinets and the development of three-disc variable combination locks.<\/p>\n<p>[\/dipi_timeline_item][dipi_timeline_item title=&#8221;1995&#8243; _builder_version=&#8221;4.27.4&#8243; _module_preset=&#8221;default&#8221; global_colors_info=&#8221;{}&#8221;]<\/p>\n<p>The fourth generation of the Oll\u00e9 family, formed by the brothers Maria Teresa, Joan, Maria Ant\u00f2nia, Miquel and Xavier, takes over the company with the difficult task of consolidating the brand. During this period, new and innovative series of safes have been launched on the market applying laser technology and autonomous security boxes of grade III and IV have been developed according to the UNE EN-1143-1 standard. <\/p>\n<p>[\/dipi_timeline_item][dipi_timeline_item title=&#8221;2025&#8243; alt=&#8221;180 years of Arcas Oll\u00e9, since 1845&#8243; content_tablet=&#8221;<\/p>\n<p><img src=%22https:\/\/www.arcasolle.com\/wp-content\/uploads\/2026\/01\/arcas-olle-dark-completa-en.svg%22 width=%22300%22 height=%22300%22 alt=%22180 years of Arcas Oll\u00e9, since 1845%22 class=%22wp-image-28610 alignnone size-medium%22><\/p>\n<p>&#8221; content_phone=&#8221;<\/p>\n<p><img src=%22https:\/\/www.arcasolle.com\/wp-content\/uploads\/2026\/01\/arcas-olle-dark-completa-vertical-en.svg%22 width=%22300%22 height=%22300%22 alt=%22180 years of Arcas Oll\u00e9, since 1845%22 class=%22wp-image-28614 alignnone size-medium%22><\/p>\n<p>&#8221; content_last_edited=&#8221;on|phone&#8221; image_tablet=&#8221;https:\/\/www.arcasolle.com\/wp-content\/uploads\/2026\/01\/arcas-olle-dark-completa-en.svg&#8221; image_phone=&#8221;https:\/\/www.arcasolle.com\/wp-content\/uploads\/2026\/01\/arcas-olle-dark-completa-vertical-en.svg&#8221; image_last_edited=&#8221;off|desktop&#8221; _builder_version=&#8221;4.27.5&#8243; _module_preset=&#8221;default&#8221; custom_css_timeline_item_image=&#8221;width:300px;||max-width:100%;&#8221; global_colors_info=&#8221;{}&#8221;]<\/p>\n<p>&nbsp;<\/p>\n<p><img decoding=\"async\" src=\"https:\/\/www.arcasolle.com\/wp-content\/uploads\/2026\/01\/arcas-olle-dark-completa-en.svg\" width=\"300\" height=\"300\" alt=\"180 years of Arcas Oll\u00e9, since 1845\" class=\"wp-image-28610 alignnone size-medium\"><\/p>\n<p>[\/dipi_timeline_item][dipi_timeline_item _builder_version=&#8221;4.27.5&#8243; _module_preset=&#8221;default&#8221; global_colors_info=&#8221;{}&#8221;]<iframe width=\"560\" height=\"315\" src=\"https:\/\/www.youtube.com\/embed\/3nPjUIHwjoE?si=2dHFRYspVECFDKKi\" title=\"YouTube video player\" frameborder=\"0\" allow=\"accelerometer; autoplay; clipboard-write; encrypted-media; gyroscope; picture-in-picture; web-share\" referrerpolicy=\"strict-origin-when-cross-origin\" allowfullscreen=\"\"><\/iframe>[\/dipi_timeline_item][\/dipi_timeline][\/et_pb_column][\/et_pb_row][\/et_pb_section]<\/p>\n","protected":false},"excerpt":{"rendered":"<p>Our companyARCAS OLL\u00c9 is a family business dedicated to the manufacture of safes since 1845. Currently, the fourth generation of the family is at the head of the company and they have the firm commitment to ensure the prestige of the ARCAS OLL\u00c9 brand. As a leading company in the sector, we have the need [&hellip;]<\/p>\n","protected":false},"author":2,"featured_media":0,"parent":0,"menu_order":0,"comment_status":"closed","ping_status":"closed","template":"","meta":{"_et_pb_use_builder":"on","_et_pb_old_content":"","_et_gb_content_width":"","footnotes":""},"dipi_cpt_category":[],"class_list":["post-28875","page","type-page","status-publish","hentry"],"_links":{"self":[{"href":"https:\/\/www.arcasolle.com\/en\/wp-json\/wp\/v2\/pages\/28875","targetHints":{"allow":["GET"]}}],"collection":[{"href":"https:\/\/www.arcasolle.com\/en\/wp-json\/wp\/v2\/pages"}],"about":[{"href":"https:\/\/www.arcasolle.com\/en\/wp-json\/wp\/v2\/types\/page"}],"author":[{"embeddable":true,"href":"https:\/\/www.arcasolle.com\/en\/wp-json\/wp\/v2\/users\/2"}],"replies":[{"embeddable":true,"href":"https:\/\/www.arcasolle.com\/en\/wp-json\/wp\/v2\/comments?post=28875"}],"version-history":[{"count":65,"href":"https:\/\/www.arcasolle.com\/en\/wp-json\/wp\/v2\/pages\/28875\/revisions"}],"predecessor-version":[{"id":33831,"href":"https:\/\/www.arcasolle.com\/en\/wp-json\/wp\/v2\/pages\/28875\/revisions\/33831"}],"wp:attachment":[{"href":"https:\/\/www.arcasolle.com\/en\/wp-json\/wp\/v2\/media?parent=28875"}],"wp:term":[{"taxonomy":"dipi_cpt_category","embeddable":true,"href":"https:\/\/www.arcasolle.com\/en\/wp-json\/wp\/v2\/dipi_cpt_category?post=28875"}],"curies":[{"name":"wp","href":"https:\/\/api.w.org\/{rel}","templated":true}]}}