{"id":20875,"date":"2023-06-06T12:49:10","date_gmt":"2023-06-06T10:49:10","guid":{"rendered":"https:\/\/www.arcas-olle.com\/productes\/non%20class\u00e9\/serie-600-coffre-fort-a-emmurer-electronique\/"},"modified":"2026-01-16T13:46:19","modified_gmt":"2026-01-16T11:46:19","slug":"serie-600-mural-electronica","status":"publish","type":"product","link":"https:\/\/www.arcasolle.com\/fr\/productes\/coffres-forts\/serie-600-mural-electronica\/","title":{"rendered":"S\u00e9rie 600 &#8211; Murale &#8211; \u00c9lectronique"},"content":{"rendered":"<ul>\n<li>Combinaison \u00e9lectronique avec syst\u00e8me Ocluc.<\/li>\n<li>Cl\u00e9 d&#8217;urgence.<\/li>\n<li>Lumi\u00e8re int\u00e9rieure.<\/li>\n<li>Connexion batterie ext\u00e9rieure.<\/li>\n<\/ul>\n","protected":false},"excerpt":{"rendered":"<p>Combinaison \u00e9lectronique avec syst\u00e8me Ocluc. Cl\u00e9 d&#8217;urgence. Lumi\u00e8re int\u00e9rieure. Connexion batterie ext\u00e9rieure.<\/p>\n","protected":false},"featured_media":14546,"comment_status":"closed","ping_status":"closed","template":"","meta":{"_et_pb_use_builder":"","_et_pb_old_content":"","_et_gb_content_width":""},"product_brand":[],"product_cat":[8951],"product_tag":[],"class_list":{"0":"post-20875","1":"product","2":"type-product","3":"status-publish","4":"has-post-thumbnail","6":"product_cat-coffres-forts","7":"pa_nombre-de-prestatges-7782","8":"pa_nombre-de-prestatges-7812","10":"first","11":"instock","12":"purchasable","13":"product-type-variable"},"_links":{"self":[{"href":"https:\/\/www.arcasolle.com\/fr\/wp-json\/wp\/v2\/product\/20875","targetHints":{"allow":["GET"]}}],"collection":[{"href":"https:\/\/www.arcasolle.com\/fr\/wp-json\/wp\/v2\/product"}],"about":[{"href":"https:\/\/www.arcasolle.com\/fr\/wp-json\/wp\/v2\/types\/product"}],"replies":[{"embeddable":true,"href":"https:\/\/www.arcasolle.com\/fr\/wp-json\/wp\/v2\/comments?post=20875"}],"wp:featuredmedia":[{"embeddable":true,"href":"https:\/\/www.arcasolle.com\/fr\/wp-json\/wp\/v2\/media\/14546"}],"wp:attachment":[{"href":"https:\/\/www.arcasolle.com\/fr\/wp-json\/wp\/v2\/media?parent=20875"}],"wp:term":[{"taxonomy":"product_brand","embeddable":true,"href":"https:\/\/www.arcasolle.com\/fr\/wp-json\/wp\/v2\/product_brand?post=20875"},{"taxonomy":"product_cat","embeddable":true,"href":"https:\/\/www.arcasolle.com\/fr\/wp-json\/wp\/v2\/product_cat?post=20875"},{"taxonomy":"product_tag","embeddable":true,"href":"https:\/\/www.arcasolle.com\/fr\/wp-json\/wp\/v2\/product_tag?post=20875"}],"curies":[{"name":"wp","href":"https:\/\/api.w.org\/{rel}","templated":true}]}}