{"id":20880,"date":"2023-06-06T12:49:10","date_gmt":"2023-06-06T10:49:10","guid":{"rendered":"https:\/\/www.arcas-olle.com\/productes\/non%20class\u00e9\/serie-600-coffre-fort-a-emmurer-electronique-et-serrure-a-gorges\/"},"modified":"2026-01-16T13:15:30","modified_gmt":"2026-01-16T11:15:30","slug":"serie-600-mural-electronica-y-llave-de-gorjas","status":"publish","type":"product","link":"https:\/\/www.arcasolle.com\/fr\/productes\/coffres-forts\/serie-600-mural-electronica-y-llave-de-gorjas\/","title":{"rendered":"S\u00e9rie 600 &#8211; Murale &#8211; \u00c9lectronique et cl\u00e9 \u00e0 gorges"},"content":{"rendered":"<ul>\n<li>Serrure \u00e0 7 gorges et double panneton. Homologations&nbsp;: VdS Klasse 1 \/ A 1300 Classe A \/ a2p Niveau AE <\/li>\n<li>Cl\u00e9 de secours.<\/li>\n<li>Combinaison \u00e9lectronique avec le syst\u00e8me OCLUC.<\/li>\n<li>Lumi\u00e8re int\u00e9rieure.<\/li>\n<li>Connexion batterie ext\u00e9rieure.<\/li>\n<\/ul>\n","protected":false},"excerpt":{"rendered":"<p>Serrure \u00e0 7 gorges et double panneton. Homologations&nbsp;: VdS Klasse 1 \/ A 1300 Classe A \/ a2p Niveau AE Cl\u00e9 de secours. Combinaison \u00e9lectronique avec le syst\u00e8me OCLUC. Lumi\u00e8re int\u00e9rieure. Connexion batterie ext\u00e9rieure.<\/p>\n","protected":false},"featured_media":14548,"comment_status":"closed","ping_status":"closed","template":"","meta":{"_et_pb_use_builder":"","_et_pb_old_content":"","_et_gb_content_width":""},"product_brand":[],"product_cat":[8951],"product_tag":[],"class_list":{"0":"post-20880","1":"product","2":"type-product","3":"status-publish","4":"has-post-thumbnail","6":"product_cat-coffres-forts","7":"pa_nombre-de-prestatges-7782","8":"pa_nombre-de-prestatges-7812","10":"first","11":"instock","12":"purchasable","13":"product-type-variable"},"_links":{"self":[{"href":"https:\/\/www.arcasolle.com\/fr\/wp-json\/wp\/v2\/product\/20880","targetHints":{"allow":["GET"]}}],"collection":[{"href":"https:\/\/www.arcasolle.com\/fr\/wp-json\/wp\/v2\/product"}],"about":[{"href":"https:\/\/www.arcasolle.com\/fr\/wp-json\/wp\/v2\/types\/product"}],"replies":[{"embeddable":true,"href":"https:\/\/www.arcasolle.com\/fr\/wp-json\/wp\/v2\/comments?post=20880"}],"wp:featuredmedia":[{"embeddable":true,"href":"https:\/\/www.arcasolle.com\/fr\/wp-json\/wp\/v2\/media\/14548"}],"wp:attachment":[{"href":"https:\/\/www.arcasolle.com\/fr\/wp-json\/wp\/v2\/media?parent=20880"}],"wp:term":[{"taxonomy":"product_brand","embeddable":true,"href":"https:\/\/www.arcasolle.com\/fr\/wp-json\/wp\/v2\/product_brand?post=20880"},{"taxonomy":"product_cat","embeddable":true,"href":"https:\/\/www.arcasolle.com\/fr\/wp-json\/wp\/v2\/product_cat?post=20880"},{"taxonomy":"product_tag","embeddable":true,"href":"https:\/\/www.arcasolle.com\/fr\/wp-json\/wp\/v2\/product_tag?post=20880"}],"curies":[{"name":"wp","href":"https:\/\/api.w.org\/{rel}","templated":true}]}}